{"id":870,"date":"2024-09-28T15:48:09","date_gmt":"2024-09-28T14:48:09","guid":{"rendered":"https:\/\/aprokarendelo.hu\/?page_id=870"},"modified":"2025-01-03T19:00:37","modified_gmt":"2025-01-03T18:00:37","slug":"fontos-tudnivalok","status":"publish","type":"page","link":"https:\/\/aprokarendelo.hu\/index.php\/fontos-tudnivalok\/","title":{"rendered":"Fontos Tudnival\u00f3k"},"content":{"rendered":"\n<h4 class=\"wp-block-heading has-text-align-center has-white-color has-text-color has-link-color wp-elements-62845c813f81375d70ab55979b9658f6\"><mark style=\"background-color:rgba(0, 0, 0, 0)\" class=\"has-inline-color has-white-color\">Betegrendel\u00e9s<\/mark><\/h4>\n\n\n\n<p><mark style=\"background-color:rgba(0, 0, 0, 0)\" class=\"has-inline-color has-white-color\">1117 Budapest, K\u0151r\u00f6sy J\u00f3zsef utca 3-5<strong>Tel.:<\/strong> 06 1 209 1328<br><strong>Rendel\u00e9si id\u0151n k\u00edv\u00fcl, s\u00fcrg\u0151s esetben<\/strong> (h\u00e9tk\u00f6znap reggel 8 \u00e9s este 18 \u00f3ra k\u00f6z\u00f6tt): +36 30 203 3389<br><strong>E-mail: <\/strong><\/mark><a href=\"mailto:aprokarendelo@gmail.com\"><mark style=\"background-color:rgba(0, 0, 0, 0);color:#00fffb\" class=\"has-inline-color\">aprokarendelo@gmail.com<\/mark><\/a><\/p>\n\n\n\n<p class=\"has-white-color has-text-color\"><mark style=\"background-color:rgba(0, 0, 0, 0)\" class=\"has-inline-color has-white-color\"><strong>Rendel\u00e9si id\u0151 (2021.08.31-t\u0151l):<br><\/strong>H\u00e9tf\u0151: 15:00 \u2013 18:00 (Hefler Enik\u0151 asszisztens)<br>Kedd: 13:00 \u2013 17:00<br>Szerda: 12:00 \u2013 15:00<br>Cs\u00fct\u00f6rt\u00f6k: 11:00 \u2013 14:00<br>P\u00e9ntek: 11:00-14:00<\/mark> <\/p>\n\n\n\n<p><mark style=\"background-color:rgba(0, 0, 0, 0)\" class=\"has-inline-color has-white-color\">A rendel\u0151 8-20 \u00f3ra k\u00f6zt tart nyitva, a h\u00e1zi gyermekorvosi rendel\u00e9s folyamatosan m\u0171k\u00f6dik, \u00edgy igazol\u00e1sokat, beutal\u00f3kat \u00e9s recepteket itt tudjuk hagyni, hogy a rendel\u00e9si id\u0151n k\u00edv\u00fcl is \u00e1tvehess\u00e9k, de az e-recepteket prefer\u00e1ljuk (teh\u00e1t a felh\u0151be felk\u00fcldj\u00fck, amit a gy\u00f3gyszert\u00e1rban le tudnak h\u00edvni a TAJ sz\u00e1m alapj\u00e1n).<\/mark> <\/p>\n\n\n\n<p class=\"has-white-color has-text-color\"><strong><em>\u00dcgyelet:&nbsp;<\/em><\/strong>munkanap 20-8 \u00f3ra k\u00f6z\u00f6tt, illetve munkasz\u00fcneti napokon 0-24 \u00f3r\u00e1ban: Interambulance, XII. Di\u00f3s \u00e1rok 1-3. J\u00e1nos k\u00f3rh\u00e1z 24. \u00e9p\u00fclet. Tel: 212-5979 (Elm\u00e9letileg kij\u00e1r\u00f3 \u00fcgyelet is, azonban a kapacit\u00e1s sz\u0171k\u00f6ss\u00e9ge miatt \u00e9rdemes \u00fagy tervezni, hogy a sz\u00fcl\u0151knek kell bevinni a gyermeket.) H\u00e9tv\u00e9g\u00e9n, ill. \u00fcnnepnapokon 9-14 k\u00f6z\u00f6tt a Feh\u00e9rv\u00e1ri \u00fat 12-ben is van gyerekorvosi \u00fcgyelet. Mindk\u00e9t \u00fcgyelet h\u00e1ziorvosi, belgy\u00f3gy\u00e1szati jelleg\u0171.<br>\u00dcgyelet id\u0151ben jelentkez\u0151&nbsp;seb\u00e9szeti, szem\u00e9szeti, f\u00fcl\u00e9szeti, ill. nagy val\u00f3sz\u00edn\u0171s\u00e9ggel k\u00f3rh\u00e1zi ell\u00e1t\u00e1st ig\u00e9nyl\u0151&nbsp;probl\u00e9ma eset\u00e9n a http:\/\/gyermeksos.hu oldalon, vagy telefonon \u00e9rdemes megk\u00e9rdezni, hova \u00e9rdemes fordulni. (Seb\u00e9szeti \u00fcgyelet \u00e1ltal\u00e1ban J\u00e1nos k\u00f3rh\u00e1z gyermekseb\u00e9szete, k\u00f3rh\u00e1zi belgy\u00f3gy\u00e1szati ell\u00e1t\u00e1s: Semmelweis egyetem I. gyerekklinika, VIII. B\u00f3kay J. u. 53., ill. Semmelweis Egyetem II. Gyerekklinika, IX. T\u0171zolt\u00f3 u. 7-9.)<\/p>\n\n\n\n<p class=\"has-luminous-vivid-amber-color has-text-color\"><strong>Az igazol\u00e1sokat, recepteket, beutal\u00f3kat rendel\u00e9si id\u0151ben tudjuk meg\u00edrni, k\u00e9rj\u00fck ezt vegy\u00e9k figyelembe a k\u00e9r\u00e9sekn\u00e9l!<\/strong><\/p>\n\n\n\n<p><strong><span class=\"has-inline-color has-white-color\">K\u00e9rj\u00fck, hogy amennyiben m\u00e1r meg\u00edrt receptek\u00e9rt, beutal\u00f3k\u00e9rt, igazol\u00e1sok\u00e9rt j\u00f6nnek, akkor se kopogjanak az ajt\u00f3n, v\u00e1rjanak t\u00fcrelemmel, am\u00edg az asszisztens kij\u00f6n!<\/span><\/strong><\/p>\n\n\n\n<h2 class=\"wp-block-heading has-text-align-center\"><mark style=\"background-color:rgba(0, 0, 0, 0)\" class=\"has-inline-color has-white-color\">Eg\u00e9szs\u00e9ges Tan\u00e1csad\u00e1s<\/mark><\/h2>\n\n\n\n<p><mark style=\"background-color:rgba(0, 0, 0, 0)\" class=\"has-inline-color has-white-color\">1115 Budapest, Vahot utca 1. \u2013 Keveh\u00e1za utca 10. sarok<\/mark><\/p>\n\n\n\n<p><mark style=\"background-color:rgba(0, 0, 0, 0)\" class=\"has-inline-color has-white-color\"><strong>Tan\u00e1csad\u00e1s id\u0151pontja :<\/strong><br>Szerda: 8:00 \u2013 12:00<\/mark><\/p>\n\n\n\n<p><\/p>\n\n\n\n<p class=\"has-luminous-vivid-amber-color has-text-color\"><\/p>\n\n\n\n<p><mark style=\"background-color:rgba(0, 0, 0, 0)\" class=\"has-inline-color has-white-color\">A k\u00f6telez\u0151 olt\u00e1sokat itt t\u00e1roljuk, bead\u00e1suk is itt t\u00f6rt\u00e9nik.<\/mark><\/p>\n\n\n\n<h2 class=\"wp-block-heading has-text-align-center\"><mark style=\"background-color:rgba(0, 0, 0, 0)\" class=\"has-inline-color has-white-color\">Alapinform\u00e1ci\u00f3k<\/mark><\/h2>\n\n\n\n<p><strong><span class=\"has-inline-color has-white-color\">A <\/span><\/strong><span class=\"has-inline-color has-white-color\"><strong>18. sz\u00e1m\u00fa gyermekorvosi praxishoz tartoz\u00f3 c\u00edmlista<\/strong>:&nbsp;<\/span><\/p>\n\n\n\n<p><mark style=\"background-color:rgba(0, 0, 0, 0)\" class=\"has-inline-color has-white-color\">Als\u00f3hegy utca 44 48 &#8211; Ant\u00f3nia l\u00e9pcs\u0151 &#8211; Ant\u00f3nia utca &#8211; Avar utca &#8211; Bajm\u00f3ci utca &#8211; Botfalu udvar &#8211; Brass\u00f3 \u00fat 123 124 125 126 128 130 132 134 135 136 138 139 141 143 144 145 147 154 155 157 159 161 169 447 2645 169179 138\/140 138-14 138-140 144\/B 147\/A 147\/B 154\/A 154\/B 154\/B1 165-179 166-179 167-179 168\/B 169\/179 169\/A 169\/B 169\/C 169\/D 169\/E 169\/F 169-177 169-178 169-179 169-179 169-179A 169-179B 169-179D 169-179F 199-179 1698-179 2448\/4 2645\/3 2645\/4 2649\/4 &#8211; Brezn\u00f3 k\u00f6z 1 2 3 4 5 6 7 8 11 1 1000012 9\/A 9\/B 10\/12 10-12 &#8211; Buda\u00f6rsi \u00fat 5 7 9 11 13 15 17 19 20 21 22 23 24 25 26 27 28 29 30 31 32 33 33 34 36 37 38 39 40 41 42 44 46 50 52 4-18 9-11 11-13 20\/A 20\/B 23\/A 23\/B 24\/A 25\/A 25\/B 31\/A 31\/B 31\/C 32\/A 32\/B 32\/E 33\/3 33\/A 33\/B 33\/B 33\/C 34\/A 34\/B 34\/C 36\/A 36\/B 36\/B 36\/C 36\/D 39-41 40\/A 40\/B 41\/B 44\/A 44\/B 48\/A 48\/B 50\/B &#8211; Csetneki utca &#8211; Csonttoll\u00fa utca 9 &#8211; Csukl\u00f3 utca &#8211; Dayka G\u00e1bor utca 16 17 19 20 21 22 24 26 28 30 32 34 36 38 40 43 46 48 50 52 54 58 60 62 66 72 74 76 78 79 80 81 82 83 84 85 86 87 92 94 95 96 98 100 102 17\/A 17\/B 17\/C 19\/A 19\/B 19\/C 32\/A 32\/B 32\/C 32\/D 32\/E 46\/C 48\/C 48\/D 62\/A 62\/B 62\/C 62\/D 81\/A 81\/B 81\/C 83\/A 85\/A 92\/A 94\/A 95-101 98\/A 102-104 2645\/0 &#8211; Dayka t\u00e9r &#8211; Elek utca &#8211; El\u0151patak utca 1 3 4 5 7 8 9 10 12 15 17 18 19 20 21 22 24 26 29 31 33 34 35 36 37 38 39 40 41 42 1\/A 9\/A 9\/B 9\/B1 9\/C 17\/A 20\/B 21-23 22\/A &#8211; F\u00e1tra t\u00e9r &#8211; Goldmann Gy\u00f6rgy t\u00e9r &#8211; Haraszt utca &#8211; Hegyalja \u00fat &#8211; Hegytet\u0151 utca &#8211; Herm\u00e1nd utca &#8211; Holdvil\u00e1g utca &#8211; Jagell\u00f3 \u00fat &#8211; Karolina \u00fat 2 3 4 5 7 8 10 12 14 16 17 18 20 21 22 23 2\/B 2\/C 17\/B &#8211; Keltike lejt\u0151 &#8211; Kil\u00e1t\u00f3 \u00fat &#8211; Korompai utca &#8211; Mad\u00e1rhegy utca &#8211; Maderspach K\u00e1rolyn\u00e9 utca &#8211; Medvetalp utca &#8211; Menta utca &#8211; Meredek utca &#8211; Muskot\u00e1ly k\u00f6z &#8211; Muskot\u00e1ly utca &#8211; Nedecv\u00e1r utca &#8211; Otthon utca &#8211; Pannonhalmi \u00fat 2 3 4 5 6 7 8 12 16 18 20 22 24 25 26 27 30 31 32 33 35 37 39 41 56 2\/B 8-10 8-12 25\/B 35\/A &#8211; Radv\u00e1ny utca &#8211; Rah\u00f3 utca &#8211; R\u00f3zsasz\u0151l\u0151 utca &#8211; Rozsdafark\u00fa utca &#8211; Sasadi \u00fat 1 2 3 4 5 6 7 8 9 10 11 12 14 15 16 17 18 20 21 22 23 24 25 26 27 28 29 30 31 32 33 34 35 36 37 38 39 40 41 42 44 45 46 47 48 49 50 51 52 54 55 1\/B 3\/5 3\/S 3-5 11\/A 17\/19 17-19 51\/53 51-3 51-53 &#8211; Schweidel utca &#8211; S\u00f6jt\u00f6r utca &#8211; S\u00fcmegv\u00e1r k\u00f6z &#8211; S\u00fcmegv\u00e1r utca &#8211; Szittya utca &#8211; T\u00e1j\u00e9k utca &#8211; Tarcali utca &#8211; T\u00e1rs utca &#8211; Ugron G\u00e1bor utca &#8211; V\u00e1s\u00e1rfia utca &#8211; Vill\u00e1nyi \u00fat 60 62 64 66 68 70 72 74 76 78 80 82 84 86 89 91 93 95 97 100 101 103 105 107 109 111 113 115 117 152 62\/A 62\/A B 62\/A-B 62\/B 64\/A 64\/B 70\/E 78\/80 78\/A 78\/B 78\/C 78\/D 78-80 80\/A 80\/B 92-94 105\/A 105\/B 113-115 &#8211; Zs\u00e1zsa utca<\/mark><\/p>\n\n\n\n<p><mark style=\"background-color:rgba(0, 0, 0, 0)\" class=\"has-inline-color has-white-color\">Praxisunk ter\u00fcleti ell\u00e1t\u00e1si k\u00f6telezetts\u00e9ggel tartozik a k\u00f6rzet\u00fcnkben \u00e9l\u0151 gyermekek sz\u00e1m\u00e1ra. Betegeinket 0-18 \u00e9ves korig<\/mark> <mark style=\"background-color:rgba(0, 0, 0, 0)\" class=\"has-inline-color has-white-color\">l\u00e1tjuk el, de ha valaki szeretne, 14 \u00e9ves kor ut\u00e1n \u00e1t lehet jelentkezni feln\u0151tt h\u00e1ziorvoshoz.<\/mark><\/p>\n\n\n\n<p><strong><em><span class=\"has-inline-color has-white-color\">Ha ter\u00fclet\u00fcnk\u00f6n baba v\u00e1rhat\u00f3, k\u00e9rj\u00fck jelentkezzenek telefonon vagy az<\/span> <a href=\"mailto:aprokarendelo@gmail.com\"><span class=\"has-inline-color has-pale-cyan-blue-color\">aprokarendelo@gmail.com<\/span><\/a> <span class=\"has-inline-color has-white-color\">e-mail c\u00edm\u00fcnk\u00f6n!<\/span><\/em><\/strong><\/p>\n\n\n\n<p><mark style=\"background-color:rgba(0, 0, 0, 0)\" class=\"has-inline-color has-white-color\">Erre az\u00e9rt van sz\u00fcks\u00e9g, mert pl. az \u00fajsz\u00fcl\u00f6ttkori cs\u00edp\u0151sz\u0171r\u00e9shez sz\u00fcks\u00e9ges beutal\u00f3t is csak ezek ut\u00e1n tudjuk meg\u00edrni.<\/mark><\/p>\n\n\n\n<p><mark style=\"background-color:rgba(0, 0, 0, 0)\" class=\"has-inline-color has-white-color\">Ha a csal\u00e1d elk\u00f6lt\u00f6zik \u00faj c\u00edmre, k\u00e9rj\u00fck sz\u00f3ljanak id\u0151ben, hogy a tov\u00e1bbi teend\u0151ket megbesz\u00e9lhess\u00fck<strong>!<\/strong><\/mark><\/p>\n\n\n\n<h2 class=\"wp-block-heading has-text-align-center\"><mark style=\"background-color:rgba(0, 0, 0, 0)\" class=\"has-inline-color has-white-color\">Id\u0151pontfoglal\u00e1s<\/mark><\/h2>\n\n\n\n<p class=\"has-luminous-vivid-amber-color has-text-color\"><mark style=\"background-color:rgba(0, 0, 0, 0)\" class=\"has-inline-color has-white-color\"><strong>Az eg\u00e9szs\u00e9ges tan\u00e1csad\u00e1s \u00e9s a betegrendel\u00e9s is csak id\u0151pontfoglal\u00e1ssal vehet\u0151 ig\u00e9nybe<\/strong>!<\/mark><\/p>\n\n\n\n<p><mark style=\"background-color:rgba(0, 0, 0, 0)\" class=\"has-inline-color has-white-color\">Amennyiben m\u00e1r nincs foglalhat\u00f3 id\u0151pont, \u00e1m a gyermek \u00e1llapota orvosi ell\u00e1t\u00e1st ig\u00e9nyel, telefonon tudunk seg\u00edts\u00e9get ny\u00fajtani (megfelel\u0151 id\u0151pontot tal\u00e1lni). El\u0151re t\u00f6rt\u00e9n\u0151 bejelentkez\u00e9s n\u00e9lk\u00fcl k\u00e9rj\u00fck NE j\u00f6jjenek be a rendel\u00e9sre.<\/mark><\/p>\n\n\n\n<p><mark style=\"background-color:rgba(0, 0, 0, 0)\" class=\"has-inline-color has-white-color\">Sajnos el\u0151fordulhat, hogy az el\u0151re lefoglalt id\u0151pontokat nem tudjuk pontosan tartani, v\u00e1ratlan esetek, s\u00falyosabb beteg<\/mark> <mark style=\"background-color:rgba(0, 0, 0, 0)\" class=\"has-inline-color has-white-color\">eset\u00e9n a cs\u00fasz\u00e1s megeshet. K\u00e9rj\u00fck meg\u00e9rt\u00e9s\u00fcket \u00e9s t\u00fcrelm\u00fcket az ilyen esetekben.<\/mark><\/p>\n","protected":false},"excerpt":{"rendered":"<p>Betegrendel\u00e9s 1117 Budapest, K\u0151r\u00f6sy J\u00f3zsef utca 3-5Tel.: 06 1 209 1328Rendel\u00e9si id\u0151n k\u00edv\u00fcl, s\u00fcrg\u0151s esetben (h\u00e9tk\u00f6znap reggel 8 \u00e9s este 18 \u00f3ra k\u00f6z\u00f6tt): +36 30&hellip;<\/p>\n","protected":false},"author":1,"featured_media":0,"parent":0,"menu_order":0,"comment_status":"closed","ping_status":"closed","template":"","meta":{"footnotes":""},"class_list":["post-870","page","type-page","status-publish","hentry"],"aioseo_notices":[],"_links":{"self":[{"href":"https:\/\/aprokarendelo.hu\/index.php\/wp-json\/wp\/v2\/pages\/870","targetHints":{"allow":["GET"]}}],"collection":[{"href":"https:\/\/aprokarendelo.hu\/index.php\/wp-json\/wp\/v2\/pages"}],"about":[{"href":"https:\/\/aprokarendelo.hu\/index.php\/wp-json\/wp\/v2\/types\/page"}],"author":[{"embeddable":true,"href":"https:\/\/aprokarendelo.hu\/index.php\/wp-json\/wp\/v2\/users\/1"}],"replies":[{"embeddable":true,"href":"https:\/\/aprokarendelo.hu\/index.php\/wp-json\/wp\/v2\/comments?post=870"}],"version-history":[{"count":2,"href":"https:\/\/aprokarendelo.hu\/index.php\/wp-json\/wp\/v2\/pages\/870\/revisions"}],"predecessor-version":[{"id":981,"href":"https:\/\/aprokarendelo.hu\/index.php\/wp-json\/wp\/v2\/pages\/870\/revisions\/981"}],"wp:attachment":[{"href":"https:\/\/aprokarendelo.hu\/index.php\/wp-json\/wp\/v2\/media?parent=870"}],"curies":[{"name":"wp","href":"https:\/\/api.w.org\/{rel}","templated":true}]}}