{"id":777,"date":"2024-05-19T17:03:22","date_gmt":"2024-05-19T16:03:22","guid":{"rendered":"https:\/\/aprokarendelo.hu\/?page_id=777"},"modified":"2025-04-25T19:33:17","modified_gmt":"2025-04-25T18:33:17","slug":"hasznos-mobil-applikaciok","status":"publish","type":"page","link":"https:\/\/aprokarendelo.hu\/index.php\/hasznos-mobil-applikaciok\/","title":{"rendered":"Hasznos oldalak, applik\u00e1ci\u00f3k"},"content":{"rendered":"\n<p class=\"has-luminous-vivid-orange-color has-text-color has-link-color has-medium-font-size wp-elements-38124a8a7b72292ee15338d020aa402a\">Egy k\u00f6nyv, ami szerintem minden csal\u00e1dn\u00e1l j\u00f3, ha k\u00e9zn\u00e9l van: <a href=\"https:\/\/szm.gyermekrohamkocsi.hu\/shop\/webshop\/gyermekmento-kezikonyv\/?gad_source=1&amp;gbraid=0AAAAAC06323r4Z6xBB4OpMNsQ0bmzsY3H&amp;gclid=Cj0KCQiAvbm7BhC5ARIsAFjwNHvWtoIE4uGdx01wPUYCJ9Mz2NcJJbUCHvR7XPEL-zBUw0KaROEbBKIaAkLKEALw_wcB\" title=\"\"><strong>Gyermekment\u0151 k\u00e9zik\u00f6nyv<\/strong> (kattints r\u00e1! :))<\/a><\/p>\n\n\n<div class=\"wp-block-image\">\n<figure class=\"aligncenter size-full is-resized\"><a href=\"https:\/\/szm.gyermekrohamkocsi.hu\/shop\/webshop\/gyermekmento-kezikonyv\/\"><img loading=\"lazy\" decoding=\"async\" width=\"752\" height=\"951\" src=\"https:\/\/aprokarendelo.hu\/wp-content\/uploads\/2025\/04\/kep-2.png\" alt=\"\" class=\"wp-image-1039\" style=\"width:242px;height:auto\" srcset=\"https:\/\/aprokarendelo.hu\/wp-content\/uploads\/2025\/04\/kep-2.png 752w, https:\/\/aprokarendelo.hu\/wp-content\/uploads\/2025\/04\/kep-2-237x300.png 237w\" sizes=\"auto, (max-width: 752px) 100vw, 752px\" \/><\/a><\/figure>\n<\/div>\n\n\n<h5 class=\"wp-block-heading has-text-align-center has-luminous-vivid-orange-color has-text-color has-link-color has-medium-font-size wp-elements-28928dbc76afda1a621f501db8b9b63f\"><br><strong>Ment\u0151 M\u00e1rton<\/strong><\/h5>\n\n\n\n<p class=\"has-text-align-center has-luminous-vivid-orange-color has-text-color has-link-color has-medium-font-size wp-elements-8b50196b9eb22d7d0a696200eea8011a\"><br>A\u00a0<strong>Ment\u0151 M\u00e1rton<\/strong>\u00a0alkalmaz\u00e1s egy els\u0151seg\u00e9lyny\u00fajt\u00f3 oktat\u00e1st k\u00edn\u00e1l, kifejezetten sz\u00fcl\u0151knek. Els\u0151dleges c\u00e9lja, hogy a gyermeket v\u00e1r\u00f3 vagy kisgyermekes sz\u00fcl\u0151k fel tudjanak k\u00e9sz\u00fclni a gyerekekkel leggyakrabban el\u0151fordul\u00f3 s\u00fcrg\u0151ss\u00e9gi helyzetekre: Az applik\u00e1ci\u00f3 ingyenesen let\u00f6lthet\u0151:\u00a0<\/p>\n\n\n\n<p class=\"has-text-align-center has-luminous-vivid-orange-color has-text-color has-link-color has-medium-font-size wp-elements-352e10c16b6c42056f2642ef3074ba75\"><br><strong>Android:<\/strong> <br><a href=\"https:\/\/play.google.com\/store\/apps\/details?id=com.szentmartongyermekmento.mentomarton&amp;hl=hu\" title=\"\"><em>Ment\u0151 M\u00e1rton Android Applik\u00e1ci\u00f3<\/em><\/a> (<a href=\"https:\/\/play.google.com\/store\/apps\/details?id=com.szentmartongyermekmento.mentomarton&amp;hl=hu\" title=\"\">Kattints r\u00e1, vagy olvasd be a QR k\u00f3dot!) <\/a><\/p>\n\n\n<div class=\"wp-block-image\">\n<figure class=\"aligncenter size-full\"><img loading=\"lazy\" decoding=\"async\" width=\"247\" height=\"243\" src=\"https:\/\/aprokarendelo.hu\/wp-content\/uploads\/2025\/04\/kep-1.png\" alt=\"\" class=\"wp-image-1036\"\/><\/figure>\n<\/div>\n\n\n<p><\/p>\n\n\n\n<p class=\"has-text-align-center has-luminous-vivid-orange-color has-text-color has-link-color has-medium-font-size wp-elements-95ef8045cb271c15ef4183f86215e267\"><strong>Apple iOS:<\/strong>&nbsp;<br><a href=\"https:\/\/apps.apple.com\/hu\/app\/ment%C5%91-m%C3%A1rton\/id6476562317\" target=\"_blank\" rel=\"noreferrer noopener\"><em>Ment\u0151 M\u00e1rton iOS Applik\u00e1ci\u00f3<\/em> (Kattints r\u00e1 vagy olvasd be a QR k\u00f3dot!)<\/a><\/p>\n\n\n<div class=\"wp-block-image\">\n<figure class=\"aligncenter size-full\"><img loading=\"lazy\" decoding=\"async\" width=\"234\" height=\"226\" src=\"https:\/\/aprokarendelo.hu\/wp-content\/uploads\/2025\/04\/kep.png\" alt=\"\" class=\"wp-image-1035\"\/><\/figure>\n<\/div>\n\n\n<p class=\"has-luminous-vivid-orange-color has-text-color has-link-color has-medium-font-size wp-elements-feff1e67b5c564e33c95715662cac263\"><br><br>Az applik\u00e1ci\u00f3 szerz\u0151i a budapesti gyermekrohamkocsi orvosai:<br>Dr. Goschler \u00c1d\u00e1m &#8211; Semmelweis Egyetem Gyermeklinika T\u0171zolt\u00f3 utca r\u00e9szleg Gyermekintenz\u00edv Oszt\u00e1ly<br>Dr. Horv\u00e1th Kl\u00e1ra PhD &#8211; Semmelweis Egyetem Gyermeklinika T\u0171zolt\u00f3 utca r\u00e9szleg Gyermekintenz\u00edv Oszt\u00e1ly<br>Dr. Vadas R\u00e9ka &#8211; Semmelweis Egyetem Gyermeklinika T\u0171zolt\u00f3 utca r\u00e9szleg Gyermekintenz\u00edv Oszt\u00e1ly Az applik\u00e1ci\u00f3 szakmai tartalm\u00e1t szerkesztette:<br>L\u00e1szl\u00f3 Endre M\u00e1rton &#8211; ment\u0151tiszt, Szent M\u00e1rton Gyermekment\u0151 Szolg\u00e1lat T\u00f6ltsd le az applik\u00e1ci\u00f3t \u00e9s l\u00e9gy felk\u00e9sz\u00fclt a v\u00e1ratlan vesz\u00e9lyhelyzetekre<img loading=\"lazy\" decoding=\"async\" height=\"16\" width=\"16\" src=\"https:\/\/static.xx.fbcdn.net\/images\/emoji.php\/v9\/td1\/2\/16\/2757.png\" alt=\"\u2757\ufe0f\"> Honlapja: <a href=\"https:\/\/l.facebook.com\/l.php?u=http%3A%2F%2Fwww.mentomarton.hu%2F%3Ffbclid%3DIwZXh0bgNhZW0CMTAAAR0mmrl0MVLp06S-tu_YjRqfJ6ijg2eGmNJiXFt7oEsAMLj2bbiVGmd7nUQ_aem_Ae8QJJT1DReNGQx2UekQ-YSt_EdeGtBGGmN9VoiDo_Nrn_dHTwSgxCNGRXeQZl6fruY-2HlLEDtE6da85ddLQ1JP&amp;h=AT35vAywMYZXghzeX3hIw_YcDrZ2PqBbjJEO6l0_wYbzi2Vn570qRO7Ism8XB6syQd5NbqgWA6hsFNAZhltZ-tD-yHc0EDJ5S05h-ujryINzmwFJj9QQnadVP8-6I52Ia0uzwk8Ym_TZhVBpRqdjpzFPgQ&amp;__tn__=-UK*F&amp;c[0]=AT1zE02f46Idun1XYgaRwLQgPr3RcRhELzseTtNPTtvgQCm79fuTh8KZhzT_vyDDKzu8kuRTGUJfKpwGk3TtGnaZwfn5PtK6yrrcB7qkZoWQUTH2K-kQgAy-yXOi9aae3zPpxtPHINTCluoM6yZtlHaGk2o2yor4u6AN2Pg4moO_1yVKmR6l5tSTW-_j9wchvpECytJOK5BNMos5uZLUFsF9qJ7UJFhew1-2\" target=\"_blank\" rel=\"noreferrer noopener\">www.mentomarton.hu<\/a><\/p>\n\n\n\n<p><\/p>\n\n\n\n<h3 class=\"wp-block-heading has-text-align-center has-vivid-red-color has-text-color\"><\/h3>\n\n\n\n<h4 class=\"wp-block-heading has-text-align-left has-luminous-vivid-orange-color has-text-color has-link-color has-medium-font-size wp-elements-f77941c12bf63422ae531e0ff2d8d67f\">A <a href=\"https:\/\/www.facebook.com\/semmelweishelp\/?__cft__[0]=AZWXQSF9uYVYWpvTHXwXBf4kHnO5lY4m7ceDeLfSof2TXjWpbYmHai_7wjT-ybFm6YSuua2LcpeIC2bOIuU956V64fzyhh9AUBEMgSjzXax_0Z3QEqhG1Ma6B26RsvRlZCfOX_d7E4lJyehU9ETpLFnvYNaqKY4cE_F4GY81wjXNklUDGv6hK9shyKovztZiXEk&amp;__tn__=kK-R\">Semmelweis Help<\/a> egy android \u00e9s iOS fel\u00fcletre egyar\u00e1nt let\u00f6lthet\u0151 applik\u00e1ci\u00f3, amely a gyermek \u00e9letkor\u00e1nak, \u00e9s nem\u00e9nek be\u00edr\u00e1s\u00e1val, \u00e9s az \u00e9szlelt t\u00fcnetek bejel\u00f6l\u00e9s\u00e9vel seg\u00edt eld\u00f6nteni, kihez kell seg\u00edts\u00e9g\u00e9rt fordulni &#8211; vajon s\u00fcrg\u0151ss\u00e9gi probl\u00e9m\u00e1val \u00e1llnak-e szemben, vagy az alapell\u00e1t\u00f3 gyermekorvossal kell-e felvenni a kapcsolatot. <br><br>Az alkalmaz\u00e1s let\u00f6lthet\u0151 a <a href=\"http:\/\/help.semmelweis.hu\/?fbclid=IwAR0PxaJj6AkRl48u2M860if8cApiI-ZdDiSkmuQojTPGf1ya2f-zmy5w_y8\" target=\"_blank\" rel=\"noreferrer noopener\">http:\/\/help.semmelweis.hu<\/a> c\u00edmen. <br>Android: <a href=\"https:\/\/help.semmelweis.hu\/app\/android?fbclid=IwAR2Uvfsr8oMx9Tx4DkWrElr67P_rhhARPrtEuZVnI9y8vIPZZI4vckvPBxY\" target=\"_blank\" rel=\"noreferrer noopener\">https:\/\/help.semmelweis.hu\/app\/android<\/a> <br>iOS: <a href=\"https:\/\/apps.apple.com\/hu\/app\/semmelweis-help\/id6444726168\" target=\"_blank\" rel=\"noreferrer noopener\">https:\/\/apps.apple.com\/hu\/app\/semmelweis-help\/id6444726168<\/a><\/h4>\n\n\n\n<p><\/p>\n","protected":false},"excerpt":{"rendered":"<p>Egy k\u00f6nyv, ami szerintem minden csal\u00e1dn\u00e1l j\u00f3, ha k\u00e9zn\u00e9l van: Gyermekment\u0151 k\u00e9zik\u00f6nyv (kattints r\u00e1! :)) Ment\u0151 M\u00e1rton A\u00a0Ment\u0151 M\u00e1rton\u00a0alkalmaz\u00e1s egy els\u0151seg\u00e9lyny\u00fajt\u00f3 oktat\u00e1st k\u00edn\u00e1l, kifejezetten sz\u00fcl\u0151knek.&hellip;<\/p>\n","protected":false},"author":1,"featured_media":0,"parent":0,"menu_order":0,"comment_status":"closed","ping_status":"closed","template":"","meta":{"footnotes":""},"class_list":["post-777","page","type-page","status-publish","hentry"],"aioseo_notices":[],"_links":{"self":[{"href":"https:\/\/aprokarendelo.hu\/index.php\/wp-json\/wp\/v2\/pages\/777","targetHints":{"allow":["GET"]}}],"collection":[{"href":"https:\/\/aprokarendelo.hu\/index.php\/wp-json\/wp\/v2\/pages"}],"about":[{"href":"https:\/\/aprokarendelo.hu\/index.php\/wp-json\/wp\/v2\/types\/page"}],"author":[{"embeddable":true,"href":"https:\/\/aprokarendelo.hu\/index.php\/wp-json\/wp\/v2\/users\/1"}],"replies":[{"embeddable":true,"href":"https:\/\/aprokarendelo.hu\/index.php\/wp-json\/wp\/v2\/comments?post=777"}],"version-history":[{"count":12,"href":"https:\/\/aprokarendelo.hu\/index.php\/wp-json\/wp\/v2\/pages\/777\/revisions"}],"predecessor-version":[{"id":1044,"href":"https:\/\/aprokarendelo.hu\/index.php\/wp-json\/wp\/v2\/pages\/777\/revisions\/1044"}],"wp:attachment":[{"href":"https:\/\/aprokarendelo.hu\/index.php\/wp-json\/wp\/v2\/media?parent=777"}],"curies":[{"name":"wp","href":"https:\/\/api.w.org\/{rel}","templated":true}]}}