{"id":56,"date":"2021-07-13T08:47:06","date_gmt":"2021-07-13T07:47:06","guid":{"rendered":"https:\/\/aprokarendelo.hu\/?page_id=56"},"modified":"2026-02-15T09:19:34","modified_gmt":"2026-02-15T08:19:34","slug":"nyito-oldal","status":"publish","type":"page","link":"https:\/\/aprokarendelo.hu\/","title":{"rendered":"Nyit\u00f3 oldal"},"content":{"rendered":"\n<p><strong><br><\/strong><br><\/p>\n\n\n\n<h2 class=\"wp-block-heading has-text-align-center has-white-color has-text-color\">\u00dcdv\u00f6zl\u00fcnk az ApR\u00f3ka Rendel\u0151 Honlapj\u00e1n!<\/h2>\n\n\n\n<p class=\"has-text-align-center has-vivid-red-color has-text-color has-link-color wp-elements-d2e9f138ef5b63640a5eda741fcc5d9a\"><mark style=\"background-color:rgba(0, 0, 0, 0)\" class=\"has-inline-color has-white-color\"><strong>Budapest <\/strong><\/mark><strong><mark style=\"background-color:rgba(0, 0, 0, 0);color:#ffff21\" class=\"has-inline-color\">XI. ker\u00fclet\u00e9nek<\/mark><\/strong><mark style=\"background-color:rgba(0, 0, 0, 0)\" class=\"has-inline-color has-white-color\"><strong>18. sz\u00e1m\u00fa gyermekorvosi k\u00f6rzet\u00e9nek ell\u00e1t\u00e1s\u00e1t biztos\u00edtjuk: <\/strong><\/mark><strong><mark style=\"background-color:rgba(0, 0, 0, 0);color:#feff2e\" class=\"has-inline-color\">Dr. Lehotkai N\u00f3ra <\/mark><\/strong><mark style=\"background-color:rgba(0, 0, 0, 0)\" class=\"has-inline-color has-white-color\"><strong>gyermekorvos \u00e9s <\/strong><\/mark><strong><mark style=\"background-color:rgba(0, 0, 0, 0);color:#ffed28\" class=\"has-inline-color\">Szigeti Andi <\/mark><\/strong><mark style=\"background-color:rgba(0, 0, 0, 0)\" class=\"has-inline-color has-white-color\"><strong>asszisztens. <\/strong><\/mark><\/p>\n\n\n\n<figure class=\"wp-block-image size-large\"><img loading=\"lazy\" decoding=\"async\" width=\"1024\" height=\"982\" src=\"https:\/\/aprokarendelo.hu\/wp-content\/uploads\/2026\/02\/image-1024x982.png\" alt=\"\" class=\"wp-image-1228\" srcset=\"https:\/\/aprokarendelo.hu\/wp-content\/uploads\/2026\/02\/image-1024x982.png 1024w, https:\/\/aprokarendelo.hu\/wp-content\/uploads\/2026\/02\/image-300x288.png 300w, https:\/\/aprokarendelo.hu\/wp-content\/uploads\/2026\/02\/image-768x736.png 768w, https:\/\/aprokarendelo.hu\/wp-content\/uploads\/2026\/02\/image.png 1477w\" sizes=\"auto, (max-width: 1024px) 100vw, 1024px\" \/><\/figure>\n\n\n\n<p class=\"has-text-align-center has-vivid-red-color has-text-color has-link-color wp-elements-ea4fcc9eb9c87c98ad4be583710f7f05\"><\/p>\n\n\n\n<p class=\"has-text-align-center has-vivid-red-color has-text-color has-link-color wp-elements-ea4fcc9eb9c87c98ad4be583710f7f05\"><\/p>\n\n\n\n<p class=\"has-text-align-center has-white-color has-text-color has-link-color has-medium-font-size wp-elements-205f7643cc71665fa83b3b4fc253e0ac\"><\/p>\n\n\n\n<p class=\"has-text-align-center\"><br><\/p>\n\n\n\n<figure class=\"wp-block-image size-large\"><img loading=\"lazy\" decoding=\"async\" width=\"834\" height=\"1024\" src=\"https:\/\/aprokarendelo.hu\/wp-content\/uploads\/2025\/06\/image-834x1024.png\" alt=\"\" class=\"wp-image-1088\" srcset=\"https:\/\/aprokarendelo.hu\/wp-content\/uploads\/2025\/06\/image-834x1024.png 834w, https:\/\/aprokarendelo.hu\/wp-content\/uploads\/2025\/06\/image-244x300.png 244w, https:\/\/aprokarendelo.hu\/wp-content\/uploads\/2025\/06\/image-768x943.png 768w, https:\/\/aprokarendelo.hu\/wp-content\/uploads\/2025\/06\/image.png 1198w\" sizes=\"auto, (max-width: 834px) 100vw, 834px\" \/><\/figure>\n\n\n\n<p class=\"has-text-align-center\"><\/p>\n\n\n\n<p><\/p>\n","protected":false},"excerpt":{"rendered":"<p>\u00dcdv\u00f6zl\u00fcnk az ApR\u00f3ka Rendel\u0151 Honlapj\u00e1n! Budapest XI. ker\u00fclet\u00e9nek18. sz\u00e1m\u00fa gyermekorvosi k\u00f6rzet\u00e9nek ell\u00e1t\u00e1s\u00e1t biztos\u00edtjuk: Dr. Lehotkai N\u00f3ra gyermekorvos \u00e9s Szigeti Andi asszisztens.<\/p>\n","protected":false},"author":1,"featured_media":9,"parent":0,"menu_order":0,"comment_status":"closed","ping_status":"closed","template":"","meta":{"footnotes":""},"class_list":["post-56","page","type-page","status-publish","has-post-thumbnail","hentry"],"aioseo_notices":[],"_links":{"self":[{"href":"https:\/\/aprokarendelo.hu\/index.php\/wp-json\/wp\/v2\/pages\/56","targetHints":{"allow":["GET"]}}],"collection":[{"href":"https:\/\/aprokarendelo.hu\/index.php\/wp-json\/wp\/v2\/pages"}],"about":[{"href":"https:\/\/aprokarendelo.hu\/index.php\/wp-json\/wp\/v2\/types\/page"}],"author":[{"embeddable":true,"href":"https:\/\/aprokarendelo.hu\/index.php\/wp-json\/wp\/v2\/users\/1"}],"replies":[{"embeddable":true,"href":"https:\/\/aprokarendelo.hu\/index.php\/wp-json\/wp\/v2\/comments?post=56"}],"version-history":[{"count":206,"href":"https:\/\/aprokarendelo.hu\/index.php\/wp-json\/wp\/v2\/pages\/56\/revisions"}],"predecessor-version":[{"id":1230,"href":"https:\/\/aprokarendelo.hu\/index.php\/wp-json\/wp\/v2\/pages\/56\/revisions\/1230"}],"wp:featuredmedia":[{"embeddable":true,"href":"https:\/\/aprokarendelo.hu\/index.php\/wp-json\/wp\/v2\/media\/9"}],"wp:attachment":[{"href":"https:\/\/aprokarendelo.hu\/index.php\/wp-json\/wp\/v2\/media?parent=56"}],"curies":[{"name":"wp","href":"https:\/\/api.w.org\/{rel}","templated":true}]}}