{"id":21,"date":"2021-07-13T07:37:22","date_gmt":"2021-07-13T06:37:22","guid":{"rendered":"https:\/\/aprokarendelo.hu\/?page_id=21"},"modified":"2026-03-10T20:54:46","modified_gmt":"2026-03-10T19:54:46","slug":"idopontfoglalas-tanacsadasra","status":"publish","type":"page","link":"https:\/\/aprokarendelo.hu\/index.php\/idopontfoglalas-tanacsadasra\/","title":{"rendered":"Id\u0151pontfoglal\u00e1s Tan\u00e1csad\u00e1sra"},"content":{"rendered":"\n<p class=\"has-black-color has-luminous-vivid-amber-background-color has-text-color has-background has-medium-font-size\" style=\"font-style:italic;font-weight:500\">K\u00e9rj\u00fck, hogy amennyiben <strong>csak<\/strong> v\u00e1laszthat\u00f3 ( FSME vagy Encepur, Bexsero, Nimenrix ) ill. a 6. \u00e9ves kori k\u00f6telez\u0151 v\u00e9d\u0151olt\u00e1sra j\u00f6nn\u00e9nek, <strong>a betegrendel\u00e9sre foglaljanak id\u0151pontot (<mark style=\"background-color:#ffffff\" class=\"has-inline-color has-vivid-red-color\">a h\u00e9tf\u0151i nap kiv\u00e9tel\u00e9vel)<\/mark><\/strong>. <br>Ezeket az olt\u00e1sokat a K\u0151r\u00f6sy utcai rendel\u0151ben adjuk be, mert nincs elegend\u0151 id\u0151pontunk a tan\u00e1csad\u00f3ban. <br>Az \u00e9venk\u00e9nt esed\u00e9kes st\u00e1tuszvizsg\u00e1latokra, bele\u00e9rtve az 5. \u00e9ves st\u00e1tuszt is, ugyanez vonatkozik!<\/p>\n\n\n\n<h4 class=\"wp-block-heading has-text-align-center has-luminous-vivid-orange-color has-text-color\"><strong>Amennyiben a legfoglalt id\u0151pontra valamilyen okb\u00f3l nem j\u00f6nnek el, k\u00e9rj\u00fck a lemond\u00e1si sz\u00e1nd\u00e9kukat <a href=\"zeenagyzol@gmail.com\">aprokarendelo@gmail.com <\/a>e-mail c\u00edmen jelezz\u00e9k, az id\u0151pontot csak mi tudjunk t\u00f6r\u00f6lni, a sz\u00fcl\u0151k nem!<\/strong><\/h4>\n\n\n<!--noptimize-->\n        <script type=\"text\/javascript\">\n         var cp_hourbk_cancel_label = 'Cancel';\n         var cp_hourbk_quantity_label = 'Quantity';\n         var message_ffile_accept = 'Please upload a valid file type';         \n         var cp_hourbk_message_ffile_size = 'File size exceeds limit';\n         var cp_hourbk_cost_label = 'Cost';\n         var cp_hourbk_overlapping_label = 'Selected time is no longer available. Please select a different time.';\n         var cp_hourbk_nomore_label = 'No more slots available.';\n         var cp_hourbk_preselect = cp_hourbk_preselect || [];\n         cp_hourbk_preselect[\"_1\"] = '';\n         var cp_hourbk_cmpublic = true;\n         var cp_hourbk_avoid_overlapping = 0;         var apphboverbooking_handler0 = false;\n         function cp_appbooking_pform_doValidate_1(form)\n         { \n            $dexQuery = jQuery.noConflict();\n            try { document.cp_appbooking_pform_1.cp_ref_page.value = document.location; } catch (e) {}\n            $dexQuery = jQuery.noConflict();            {\n                var cpefb_error = 0;\n                $dexQuery(\"#cp_appbooking_pform_1\").find(\".cpefb_error\").each(function(index){\n                    if ($dexQuery(this).css(\"display\")!=\"none\")\n                        if ($dexQuery(this).html() != cp_hourbk_overlapping_label) cpefb_error++;  \n                    });               \n                if (cpefb_error==0)\n                {if (!apphboverbooking_handler0)\n                    {\n                        apphbblink_1(\".pbSubmit:visible\");\n                        $dexQuery(\"#cp_appbooking_pform_1\").find(\".avoid_overlapping_before\").not(\".ignore,.ignorepb\").each(function(){\n                            if ($dexQuery(this).parent().is(\":visible\")) $dexQuery(this).removeClass(\"avoid_overlapping_before\").removeClass(\"valid\").addClass(\"avoid_overlapping\");\n                        })\n                        cp_hourbk_avoid_overlapping = 1;\n                        try {\n                            $dexQuery(\"#cp_appbooking_pform_1\").find(\".avoid_overlapping\").valid();\n                        } catch (e) { cp_hourbk_avoid_overlapping = 0; }\n                        function check_cp_hourbk_avoid_overlapping(){\n\t\t                    if (cp_hourbk_avoid_overlapping>0)\n\t\t                        setTimeout(check_cp_hourbk_avoid_overlapping,100);\n\t\t                    else\n\t\t                    {\n                                var cpefb_error = 0;\n                                $dexQuery(\"#cp_appbooking_pform_1\").find(\".cpefb_error\").each(function(index){\n                                    if ($dexQuery(this).css(\"display\")!=\"none\")\n                                        cpefb_error++;    \n                                    });\n                                if (cpefb_error==0 && !apphboverbooking_handler0)    \n                                {\n                                    apphboverbooking_handler0 = true;\n                                    if (cp_appbooking_pform_doValidate_1(form))\n                                        document.getElementById(\"cp_appbooking_pform_1\").submit();                                }\n\t\t                    }  \n\t\t                }\n\t\t                check_cp_hourbk_avoid_overlapping();\n                        return false;\n                    }                    \n\t        \t\t$dexQuery(\"#cp_appbooking_pform_1\").find( '.ignore' ).closest( '.fields' ).remove();\n\t        \t}\n                if (cpefb_error) return false;\n\t        \tdocument.getElementById(\"form_structure_1\").value = '';    \n\t        \tdocument.getElementById(\"refpage_1\").value = document.location;    \n                try { if (document.cp_appbooking_pform_1.cp_appbooking_pform_status.value != '0')\n                return false; } catch (e) {}\n                apphbblink_1(\".pbSubmit:visible\");\n                try { document.cp_appbooking_pform_1.cp_appbooking_pform_status.value = '1';\t } catch (e) {}\n                $dexQuery(document).trigger(\"beforeOnSubmitAhb\",{id:\"cp_appbooking_pform_1\"});\n                return true;\n            }  \n         }\n         function apphbblink_1(selector){\n             try {   \n                 $dexQuery = jQuery.noConflict();\n                 $dexQuery(selector).fadeOut(1000, function(){\n                     $dexQuery(this).fadeIn(1000, function(){\n                             try {                     \n                                 if (document.cp_appbooking_pform_1.cp_appbooking_pform_status.value != '0')\n                                     apphbblink_1(this);                                  \n                             } catch (e) {}  \n                     });\n                 });             \n             } catch (e) {}                 \n         }         \n         function cp_appbooking_cerror_1(){$dexQuery = jQuery.noConflict();$dexQuery(\"#hdcaptcha_error_1\").css('top',$dexQuery(\"#hdcaptcha_cp_appbooking_post_1\").outerHeight());$dexQuery(\"#hdcaptcha_error_1\").css(\"display\",\"inline\");}\n        <\/script><!--\/noptimize-->\n        <link  rel='stylesheet' media=\"all\" href=\"https:\/\/aprokarendelo.hu\/wp-content\/plugins\/appointment-hour-booking\/templates\/08\/style.css\" type=\"text\/css\" \/><form autocomplete=\"off\" class=\"cpp_form no-prefetch\" name=\"cp_appbooking_pform_1\" id=\"cp_appbooking_pform_1\" action=\"\/index.php\/idopontfoglalas-tanacsadasra\/?ahbnocache=906710\" method=\"post\" enctype=\"multipart\/form-data\" onsubmit=\"return cp_appbooking_pform_doValidate_1(this);\"><input type=\"hidden\" name=\"cp_pform_psequence\" value=\"_1\" \/><input type=\"hidden\" name=\"cp_appbooking_pform_process\" value=\"1\" \/><input type=\"hidden\" name=\"cp_appbooking_id\" value=\"2\" \/><input type=\"hidden\" name=\"cp_ref_page\" value=\"\" \/><input type=\"hidden\" name=\"form_structure_1\" id=\"form_structure_1\" size=\"180\" value=\"[[{&quot;form_identifier&quot;:&quot;&quot;,&quot;name&quot;:&quot;fieldname1&quot;,&quot;shortlabel&quot;:&quot;&quot;,&quot;index&quot;:0,&quot;ftype&quot;:&quot;fapp&quot;,&quot;userhelp&quot;:&quot;&quot;,&quot;userhelpTooltip&quot;:false,&quot;csslayout&quot;:&quot;&quot;,&quot;title&quot;:&quot;&quot;,&quot;services&quot;:[{&quot;name&quot;:&quot;Dr. Lehotkai N\\u00f3ra&quot;,&quot;price&quot;:1,&quot;capacity&quot;:1,&quot;duration&quot;:&quot;15&quot;,&quot;pb&quot;:0,&quot;pa&quot;:0,&quot;ohindex&quot;:0,&quot;idx&quot;:1}],&quot;openhours&quot;:[],&quot;allOH&quot;:[{&quot;name&quot;:&quot;Default&quot;,&quot;openhours&quot;:[{&quot;type&quot;:&quot;d3&quot;,&quot;d&quot;:&quot;&quot;,&quot;h1&quot;:&quot;8&quot;,&quot;m1&quot;:&quot;30&quot;,&quot;h2&quot;:&quot;11&quot;,&quot;m2&quot;:&quot;0&quot;}]}],&quot;dateFormat&quot;:&quot;mm\\\/dd\\\/yy&quot;,&quot;showDropdown&quot;:false,&quot;showTotalCost&quot;:false,&quot;showTotalCostFormat&quot;:&quot;$ {0}&quot;,&quot;showEndTime&quot;:false,&quot;showQuantity&quot;:false,&quot;usedSlotsCheckbox&quot;:true,&quot;avoidOverlaping&quot;:true,&quot;emptySelectCheckbox&quot;:false,&quot;emptySelect&quot;:&quot;-- Please select service --&quot;,&quot;dropdownRange&quot;:&quot;-10:+10&quot;,&quot;working_dates&quot;:[false,false,false,true,false,false,false],&quot;numberOfMonths&quot;:1,&quot;maxNumberOfApp&quot;:&quot;1&quot;,&quot;firstDay&quot;:&quot;1&quot;,&quot;minDate&quot;:&quot;0&quot;,&quot;maxDate&quot;:&quot;&quot;,&quot;defaultDate&quot;:&quot;&quot;,&quot;invalidDates&quot;:&quot;11\\\/01\\\/2025, 12\\\/24\\\/2025, 12\\\/25\\\/2025, 12\\\/26\\\/2025, 01\\\/01\\\/2026, 01\\\/02\\\/2026, 03\\\/15\\\/2026, 04\\\/03\\\/2026, 04\\\/05\\\/2026, 04\\\/06\\\/2026, 05\\\/01\\\/2026, 07\\\/01\\\/2026, 08\\\/20\\\/2026, 08\\\/21\\\/2026, 10\\\/23\\\/2026, 11\\\/01\\\/2026, 12\\\/24\\\/2026, 12\\\/25\\\/2026,&quot;,&quot;tmpinvalidDates&quot;:[{},{},{},{},{},{},{},{},{},{},{},{},{},{},{},{},{},{}],&quot;required&quot;:true,&quot;bSlotsCheckbox&quot;:true,&quot;bSlots&quot;:30,&quot;militaryTime&quot;:1,&quot;autonum&quot;:1,&quot;autonumStaff&quot;:0,&quot;fBuild&quot;:{},&quot;special_days&quot;:[],&quot;minDateTmp&quot;:&quot;0&quot;,&quot;getMinDate&quot;:{},&quot;tmpinvalidDatestime&quot;:[1761951600000,1766530800000,1766617200000,1766703600000,1767222000000,1767308400000,1773529200000,1775167200000,1775340000000,1775426400000,1777586400000,1782856800000,1787176800000,1787263200000,1792706400000,1793487600000,1798066800000,1798153200000]},{&quot;form_identifier&quot;:&quot;&quot;,&quot;name&quot;:&quot;fieldname2&quot;,&quot;shortlabel&quot;:&quot;&quot;,&quot;index&quot;:1,&quot;ftype&quot;:&quot;ftext&quot;,&quot;userhelp&quot;:&quot;K\\u00e9rj\\u00fck adja meg a gyermek nev\\u00e9t&quot;,&quot;userhelpTooltip&quot;:false,&quot;csslayout&quot;:&quot;form1&quot;,&quot;title&quot;:&quot;Gyermek neve&quot;,&quot;predefined&quot;:&quot;&quot;,&quot;predefinedClick&quot;:false,&quot;required&quot;:true,&quot;size&quot;:&quot;medium&quot;,&quot;minlength&quot;:&quot;3&quot;,&quot;maxlength&quot;:&quot;&quot;,&quot;equalTo&quot;:&quot;&quot;,&quot;fBuild&quot;:{}},{&quot;form_identifier&quot;:&quot;&quot;,&quot;name&quot;:&quot;email&quot;,&quot;shortlabel&quot;:&quot;&quot;,&quot;index&quot;:2,&quot;ftype&quot;:&quot;femail&quot;,&quot;userhelp&quot;:&quot;Ide \\u00e9rkezik visszaigazol\\u00e1s az id\\u0151pont foglal\\u00e1s\\u00e1r\\u00f3l&quot;,&quot;userhelpTooltip&quot;:false,&quot;csslayout&quot;:&quot;form&quot;,&quot;title&quot;:&quot;A sz\\u00fcl\\u0151 E-mail c\\u00edme&quot;,&quot;predefined&quot;:&quot;&quot;,&quot;predefinedClick&quot;:false,&quot;required&quot;:true,&quot;size&quot;:&quot;medium&quot;,&quot;equalTo&quot;:&quot;&quot;,&quot;fBuild&quot;:{}},{&quot;form_identifier&quot;:&quot;&quot;,&quot;name&quot;:&quot;fieldname3&quot;,&quot;shortlabel&quot;:&quot;&quot;,&quot;index&quot;:3,&quot;ftype&quot;:&quot;ftext&quot;,&quot;userhelp&quot;:&quot;Hogy sz\\u00fcks\\u00e9g eset\\u00e9n egyeztet\\u00e9s c\\u00e9lj\\u00e1b\\u00f3l fel tudjuk h\\u00edvni a sz\\u00fcl\\u0151t.&quot;,&quot;userhelpTooltip&quot;:false,&quot;csslayout&quot;:&quot;form1&quot;,&quot;title&quot;:&quot;Sz\\u00fcl\\u0151 telefonsz\\u00e1ma&quot;,&quot;predefined&quot;:&quot;&quot;,&quot;predefinedClick&quot;:false,&quot;required&quot;:true,&quot;size&quot;:&quot;medium&quot;,&quot;minlength&quot;:&quot;7&quot;,&quot;maxlength&quot;:&quot;&quot;,&quot;equalTo&quot;:&quot;&quot;,&quot;fBuild&quot;:{}},{&quot;form_identifier&quot;:&quot;&quot;,&quot;name&quot;:&quot;fieldname4&quot;,&quot;shortlabel&quot;:&quot;&quot;,&quot;index&quot;:4,&quot;ftype&quot;:&quot;ftext&quot;,&quot;userhelp&quot;:&quot;&quot;,&quot;userhelpTooltip&quot;:false,&quot;csslayout&quot;:&quot;&quot;,&quot;title&quot;:&quot;V\\u00e9d\\u0151n\\u0151 neve&quot;,&quot;predefined&quot;:&quot;&quot;,&quot;predefinedClick&quot;:false,&quot;required&quot;:false,&quot;size&quot;:&quot;medium&quot;,&quot;minlength&quot;:&quot;&quot;,&quot;maxlength&quot;:&quot;&quot;,&quot;equalTo&quot;:&quot;&quot;,&quot;fBuild&quot;:{}},{&quot;form_identifier&quot;:&quot;&quot;,&quot;name&quot;:&quot;fieldname6&quot;,&quot;shortlabel&quot;:&quot;&quot;,&quot;index&quot;:5,&quot;ftype&quot;:&quot;fdropdown&quot;,&quot;userhelp&quot;:&quot;K\\u00e9rj\\u00fck v\\u00e1lassza ki a megfelel\\u0151t.&quot;,&quot;userhelpTooltip&quot;:false,&quot;csslayout&quot;:&quot;&quot;,&quot;title&quot;:&quot;K\\u00f6telez\\u0151 v\\u00e9d\\u0151olt\\u00e1s&quot;,&quot;size&quot;:&quot;medium&quot;,&quot;required&quot;:false,&quot;choiceSelected&quot;:&quot;- - -&quot;,&quot;select2&quot;:false,&quot;showDep&quot;:false,&quot;choices&quot;:[&quot;-&quot;,&quot;1 h\\u00f3napos st\\u00e1tusz vizsg\\u00e1lat&quot;,&quot;2 h\\u00f3napos k\\u00f6telez\\u0151 olt\\u00e1s&quot;,&quot;3 h\\u00f3napos k\\u00f6telez\\u0151 olt\\u00e1s (+Rotarix + Bexsero)&quot;,&quot;4 h\\u00f3napos k\\u00f6telez\\u0151 olt\\u00e1s (+Rotarix)&quot;,&quot;12 h\\u00f3napos k\\u00f6telez\\u0151 olt\\u00e1s (Prevenar + B\\u00e1r\\u00e1nyhiml\\u0151 + NeisVac-C vagy Nimenrix)&quot;,&quot;15 h\\u00f3napos k\\u00f6telez\\u0151 olt\\u00e1s (B\\u00e1r\\u00e1nyhiml\\u0151 + MMR)&quot;,&quot;18 h\\u00f3napos k\\u00f6telez\\u0151 olt\\u00e1s (+Bexsero 3. olt\\u00e1s)&quot;],&quot;choicesVal&quot;:[&quot;-&quot;,&quot;1 h\\u00f3napos st\\u00e1tusz vizsg\\u00e1lat&quot;,&quot;2 h\\u00f3napos k\\u00f6telez\\u0151 olt\\u00e1s&quot;,&quot;3 h\\u00f3napos k\\u00f6telez\\u0151 olt\\u00e1s (+Rotarix + Bexsero)&quot;,&quot;4 h\\u00f3napos k\\u00f6telez\\u0151 olt\\u00e1s (+Rotarix)&quot;,&quot;12 h\\u00f3napos k\\u00f6telez\\u0151 olt\\u00e1s (Prevenar + B\\u00e1r\\u00e1nyhiml\\u0151 + NeisVac-C vagy Nimenrix)&quot;,&quot;15 h\\u00f3napos k\\u00f6telez\\u0151 olt\\u00e1s (B\\u00e1r\\u00e1nyhiml\\u0151 + MMR)&quot;,&quot;18 h\\u00f3napos k\\u00f6telez\\u0151 olt\\u00e1s (+Bexsero 3. olt\\u00e1s)&quot;],&quot;choicesDep&quot;:[[],[],[],[],[],[],[],[]],&quot;fBuild&quot;:{}},{&quot;form_identifier&quot;:&quot;&quot;,&quot;name&quot;:&quot;fieldname7&quot;,&quot;shortlabel&quot;:&quot;&quot;,&quot;index&quot;:6,&quot;ftype&quot;:&quot;fSectionBreak&quot;,&quot;userhelp&quot;:&quot;&quot;,&quot;userhelpTooltip&quot;:false,&quot;csslayout&quot;:&quot;&quot;,&quot;title&quot;:&quot;&quot;,&quot;fBuild&quot;:{}},{&quot;form_identifier&quot;:&quot;&quot;,&quot;name&quot;:&quot;fieldname5&quot;,&quot;shortlabel&quot;:&quot;&quot;,&quot;index&quot;:7,&quot;ftype&quot;:&quot;facceptance&quot;,&quot;userhelp&quot;:&quot;&quot;,&quot;userhelpTooltip&quot;:false,&quot;csslayout&quot;:&quot;&quot;,&quot;title&quot;:&quot;GDPR: Hozz\\u00e1j\\u00e1rulok, hogy az adataimat az id\\u0151pontfoglal\\u00e1s \\u00e9s a betegrendel\\u00e9s c\\u00e9lj\\u00e1b\\u00f3l az ApR\\u00f3ka Rendel\\u0151 Kft. kezelje.&quot;,&quot;value&quot;:&quot;Elfogadom&quot;,&quot;url&quot;:&quot;&quot;,&quot;message&quot;:&quot;&quot;,&quot;required&quot;:true,&quot;fBuild&quot;:{}}],[{&quot;title&quot;:&quot;&quot;,&quot;description&quot;:&quot;&quot;,&quot;formlayout&quot;:&quot;top_aligned&quot;,&quot;formtemplate&quot;:&quot;ahb_m2&quot;,&quot;evalequations&quot;:1,&quot;autocomplete&quot;:1,&quot;autofocus&quot;:false,&quot;progress&quot;:false,&quot;progresslabel&quot;:&quot;&quot;}]]\" \/><input type=\"hidden\" name=\"refpage_1\" id=\"refpage_1\" value=\"\"><input type=\"hidden\" name=\"cp_appbooking_pform_status\" value=\"0\" \/><input name=\"anonce\" type=\"hidden\" value=\"d0b5e89316\"\/><div id=\"fbuilder\">    \r\n    <div id=\"fbuilder_1\">\r\n        <div id=\"formheader_1\"><\/div>\r\n        <div id=\"fieldlist_1\"><\/div>\r\n    <\/div>\r\n<\/div>    \r\n<div style=\"display:none\">\r\n<div id=\"cpcaptchalayer_1\" class=\"cpcaptchalayer\">\r\n <div class=\"fields\" id=\"field-c0\" style=\"display:none\">\r\n    <label><\/label>\r\n    <div class=\"dfield\"><!--addons-payment-options--><\/div>\r\n    <div class=\"clearer\"><\/div>\r\n <\/div><!--addons-payment-fields-->\r\n<!-- rcadon -->\r\n<\/div>\r\n<\/div>\r\n<div id=\"cp_subbtn_1\" class=\"cp_subbtn\">Elk\u00fcld\u00e9s<\/div>\r\n<div style=\"clear:both;\"><\/div>\r\n<\/form>\r\n","protected":false},"excerpt":{"rendered":"<p>K\u00e9rj\u00fck, hogy amennyiben csak v\u00e1laszthat\u00f3 ( FSME vagy Encepur, Bexsero, Nimenrix ) ill. a 6. \u00e9ves kori k\u00f6telez\u0151 v\u00e9d\u0151olt\u00e1sra j\u00f6nn\u00e9nek, a betegrendel\u00e9sre foglaljanak id\u0151pontot (a&hellip;<\/p>\n","protected":false},"author":1,"featured_media":0,"parent":0,"menu_order":0,"comment_status":"closed","ping_status":"closed","template":"","meta":{"footnotes":""},"class_list":["post-21","page","type-page","status-publish","hentry"],"aioseo_notices":[],"_links":{"self":[{"href":"https:\/\/aprokarendelo.hu\/index.php\/wp-json\/wp\/v2\/pages\/21","targetHints":{"allow":["GET"]}}],"collection":[{"href":"https:\/\/aprokarendelo.hu\/index.php\/wp-json\/wp\/v2\/pages"}],"about":[{"href":"https:\/\/aprokarendelo.hu\/index.php\/wp-json\/wp\/v2\/types\/page"}],"author":[{"embeddable":true,"href":"https:\/\/aprokarendelo.hu\/index.php\/wp-json\/wp\/v2\/users\/1"}],"replies":[{"embeddable":true,"href":"https:\/\/aprokarendelo.hu\/index.php\/wp-json\/wp\/v2\/comments?post=21"}],"version-history":[{"count":32,"href":"https:\/\/aprokarendelo.hu\/index.php\/wp-json\/wp\/v2\/pages\/21\/revisions"}],"predecessor-version":[{"id":1238,"href":"https:\/\/aprokarendelo.hu\/index.php\/wp-json\/wp\/v2\/pages\/21\/revisions\/1238"}],"wp:attachment":[{"href":"https:\/\/aprokarendelo.hu\/index.php\/wp-json\/wp\/v2\/media?parent=21"}],"curies":[{"name":"wp","href":"https:\/\/api.w.org\/{rel}","templated":true}]}}